{"id":1542,"date":"2024-07-01T15:12:07","date_gmt":"2024-07-01T12:12:07","guid":{"rendered":"https:\/\/antena-academy.ro\/?page_id=1542"},"modified":"2025-05-23T12:18:09","modified_gmt":"2025-05-23T09:18:09","slug":"courses","status":"publish","type":"page","link":"https:\/\/antena-academy.ro\/en\/courses\/","title":{"rendered":"Courses"},"content":{"rendered":"<p>Antena Academy connects you today with the media of tomorrow. Discover the courses that will help you have a successful career in media and digital:<\/p>\n<ul>\n<li>TV presenter<\/li>\n<li>Reporter<\/li>\n<li>Journalist<\/li>\n<li>TV producer<\/li>\n<li>Content Creator<\/li>\n<li>Screenwriter<\/li>\n<li>Graphic Designer<\/li>\n<li>Video Editor<\/li>\n<li>Public Speaker<\/li>\n<li>Videographer<\/li>\n<li>&#8220;Creative AI for Design and Advertising&#8221; Accelerator<\/li>\n<\/ul>\n<p>Our lecturers\u2014renowned experts with decades of experience\u2014use the smartest, most creative, and innovative teaching methods, blending theory with hands-on practice to shape the next generation of media and digital professionals.<\/p>\n<p><strong>You are The Future of Media.<\/strong><\/p>\n<p><a href=\"https:\/\/antena-academy.ro\/en\/sign-up\/\" rel=\"noopener\"><strong>Sign up now!<\/strong><\/a><\/p>\n","protected":false},"excerpt":{"rendered":"<p>Antena Academy connects you today with the media of tomorrow. Discover the courses that will help you have a successful career in media and digital: TV presenter Reporter Journalist TV producer Content Creator Screenwriter Graphic Designer Video Editor Public Speaker Videographer &#8220;Creative AI for Design and Advertising&#8221; Accelerator Our lecturers\u2014renowned experts with decades of experience\u2014use [&hellip;]<\/p>\n","protected":false},"author":1,"featured_media":1362,"parent":0,"menu_order":0,"comment_status":"closed","ping_status":"closed","template":"archive-cursuri.php","meta":{"_acf_changed":false,"footnotes":""},"class_list":["post-1542","page","type-page","status-publish","has-post-thumbnail","hentry"],"acf":[],"yoast_head":"<!-- This site is optimized with the Yoast SEO Premium plugin v27.2 (Yoast SEO v27.3) - https:\/\/yoast.com\/product\/yoast-seo-premium-wordpress\/ -->\n<title>Courses - Antena Academy \u2013 tehnologie, creativitate, \u0219i lideri care schimb\u0103 industria<\/title>\n<meta name=\"robots\" content=\"index, follow, max-snippet:-1, max-image-preview:large, max-video-preview:-1\" \/>\n<link rel=\"canonical\" href=\"https:\/\/antena-academy.ro\/en\/courses\/\" \/>\n<meta property=\"og:locale\" content=\"en_US\" \/>\n<meta property=\"og:type\" content=\"article\" \/>\n<meta property=\"og:title\" content=\"Courses\" \/>\n<meta property=\"og:description\" content=\"Antena Academy connects you today with the media of tomorrow. Discover the courses that will help you have a successful career in media and digital: TV presenter Reporter Journalist TV producer Content Creator Screenwriter Graphic Designer Video Editor Public Speaker Videographer &#8220;Creative AI for Design and Advertising&#8221; Accelerator Our lecturers\u2014renowned experts with decades of experience\u2014use [&hellip;]\" \/>\n<meta property=\"og:url\" content=\"https:\/\/antena-academy.ro\/en\/courses\/\" \/>\n<meta property=\"og:site_name\" content=\"Antena Academy \u2013 tehnologie, creativitate, \u0219i lideri care schimb\u0103 industria\" \/>\n<meta property=\"article:modified_time\" content=\"2025-05-23T09:18:09+00:00\" \/>\n<meta property=\"og:image\" content=\"https:\/\/antena-academy.ro\/wp-content\/uploads\/2024\/09\/cursuri-122.jpg\" \/>\n\t<meta property=\"og:image:width\" content=\"1120\" \/>\n\t<meta property=\"og:image:height\" content=\"650\" \/>\n\t<meta property=\"og:image:type\" content=\"image\/jpeg\" \/>\n<meta name=\"twitter:card\" content=\"summary_large_image\" \/>\n<meta name=\"twitter:label1\" content=\"Est. reading time\" \/>\n\t<meta name=\"twitter:data1\" content=\"1 minute\" \/>\n<script type=\"application\/ld+json\" class=\"yoast-schema-graph\">{\"@context\":\"https:\\\/\\\/schema.org\",\"@graph\":[{\"@type\":\"WebPage\",\"@id\":\"https:\\\/\\\/antena-academy.ro\\\/en\\\/courses\\\/\",\"url\":\"https:\\\/\\\/antena-academy.ro\\\/en\\\/courses\\\/\",\"name\":\"Courses - Antena Academy \u2013 tehnologie, creativitate, \u0219i lideri care schimb\u0103 industria\",\"isPartOf\":{\"@id\":\"https:\\\/\\\/antena-academy.ro\\\/en\\\/#website\"},\"primaryImageOfPage\":{\"@id\":\"https:\\\/\\\/antena-academy.ro\\\/en\\\/courses\\\/#primaryimage\"},\"image\":{\"@id\":\"https:\\\/\\\/antena-academy.ro\\\/en\\\/courses\\\/#primaryimage\"},\"thumbnailUrl\":\"https:\\\/\\\/antena-academy.ro\\\/wp-content\\\/uploads\\\/2024\\\/09\\\/cursuri-122.jpg\",\"datePublished\":\"2024-07-01T12:12:07+00:00\",\"dateModified\":\"2025-05-23T09:18:09+00:00\",\"breadcrumb\":{\"@id\":\"https:\\\/\\\/antena-academy.ro\\\/en\\\/courses\\\/#breadcrumb\"},\"inLanguage\":\"en-US\",\"potentialAction\":[{\"@type\":\"ReadAction\",\"target\":[\"https:\\\/\\\/antena-academy.ro\\\/en\\\/courses\\\/\"]}]},{\"@type\":\"ImageObject\",\"inLanguage\":\"en-US\",\"@id\":\"https:\\\/\\\/antena-academy.ro\\\/en\\\/courses\\\/#primaryimage\",\"url\":\"https:\\\/\\\/antena-academy.ro\\\/wp-content\\\/uploads\\\/2024\\\/09\\\/cursuri-122.jpg\",\"contentUrl\":\"https:\\\/\\\/antena-academy.ro\\\/wp-content\\\/uploads\\\/2024\\\/09\\\/cursuri-122.jpg\",\"width\":1120,\"height\":650,\"caption\":\"cursuri\"},{\"@type\":\"BreadcrumbList\",\"@id\":\"https:\\\/\\\/antena-academy.ro\\\/en\\\/courses\\\/#breadcrumb\",\"itemListElement\":[{\"@type\":\"ListItem\",\"position\":1,\"name\":\"Home\",\"item\":\"https:\\\/\\\/antena-academy.ro\\\/en\\\/\"},{\"@type\":\"ListItem\",\"position\":2,\"name\":\"Courses\"}]},{\"@type\":\"WebSite\",\"@id\":\"https:\\\/\\\/antena-academy.ro\\\/en\\\/#website\",\"url\":\"https:\\\/\\\/antena-academy.ro\\\/en\\\/\",\"name\":\"Antena Academy \u2013 tehnologie, creativitate, \u0219i lideri care schimb\u0103 industria\",\"description\":\"Fii future-ready pentru o carier\u0103 de succes \u00een media \u0219i digital!\",\"publisher\":{\"@id\":\"https:\\\/\\\/antena-academy.ro\\\/en\\\/#organization\"},\"alternateName\":\"Antena Academy\",\"potentialAction\":[{\"@type\":\"SearchAction\",\"target\":{\"@type\":\"EntryPoint\",\"urlTemplate\":\"https:\\\/\\\/antena-academy.ro\\\/en\\\/?s={search_term_string}\"},\"query-input\":{\"@type\":\"PropertyValueSpecification\",\"valueRequired\":true,\"valueName\":\"search_term_string\"}}],\"inLanguage\":\"en-US\"},{\"@type\":[\"Organization\",\"Place\"],\"@id\":\"https:\\\/\\\/antena-academy.ro\\\/en\\\/#organization\",\"name\":\"Antena Academy\",\"url\":\"https:\\\/\\\/antena-academy.ro\\\/en\\\/\",\"logo\":{\"@id\":\"https:\\\/\\\/antena-academy.ro\\\/en\\\/courses\\\/#local-main-organization-logo\"},\"image\":{\"@id\":\"https:\\\/\\\/antena-academy.ro\\\/en\\\/courses\\\/#local-main-organization-logo\"},\"telephone\":[],\"openingHoursSpecification\":[{\"@type\":\"OpeningHoursSpecification\",\"dayOfWeek\":[\"Monday\",\"Tuesday\",\"Wednesday\",\"Thursday\",\"Friday\",\"Saturday\",\"Sunday\"],\"opens\":\"09:00\",\"closes\":\"17:00\"}]},{\"@type\":\"ImageObject\",\"inLanguage\":\"en-US\",\"@id\":\"https:\\\/\\\/antena-academy.ro\\\/en\\\/courses\\\/#local-main-organization-logo\",\"url\":\"https:\\\/\\\/antena-academy.ro\\\/wp-content\\\/uploads\\\/2024\\\/07\\\/logo.png\",\"contentUrl\":\"https:\\\/\\\/antena-academy.ro\\\/wp-content\\\/uploads\\\/2024\\\/07\\\/logo.png\",\"width\":256,\"height\":405,\"caption\":\"Antena Academy\"}]}<\/script>\n<!-- \/ Yoast SEO Premium plugin. -->","yoast_head_json":{"title":"Courses - Antena Academy \u2013 tehnologie, creativitate, \u0219i lideri care schimb\u0103 industria","robots":{"index":"index","follow":"follow","max-snippet":"max-snippet:-1","max-image-preview":"max-image-preview:large","max-video-preview":"max-video-preview:-1"},"canonical":"https:\/\/antena-academy.ro\/en\/courses\/","og_locale":"en_US","og_type":"article","og_title":"Courses","og_description":"Antena Academy connects you today with the media of tomorrow. Discover the courses that will help you have a successful career in media and digital: TV presenter Reporter Journalist TV producer Content Creator Screenwriter Graphic Designer Video Editor Public Speaker Videographer &#8220;Creative AI for Design and Advertising&#8221; Accelerator Our lecturers\u2014renowned experts with decades of experience\u2014use [&hellip;]","og_url":"https:\/\/antena-academy.ro\/en\/courses\/","og_site_name":"Antena Academy \u2013 tehnologie, creativitate, \u0219i lideri care schimb\u0103 industria","article_modified_time":"2025-05-23T09:18:09+00:00","og_image":[{"width":1120,"height":650,"url":"https:\/\/antena-academy.ro\/wp-content\/uploads\/2024\/09\/cursuri-122.jpg","type":"image\/jpeg"}],"twitter_card":"summary_large_image","twitter_misc":{"Est. reading time":"1 minute"},"schema":{"@context":"https:\/\/schema.org","@graph":[{"@type":"WebPage","@id":"https:\/\/antena-academy.ro\/en\/courses\/","url":"https:\/\/antena-academy.ro\/en\/courses\/","name":"Courses - Antena Academy \u2013 tehnologie, creativitate, \u0219i lideri care schimb\u0103 industria","isPartOf":{"@id":"https:\/\/antena-academy.ro\/en\/#website"},"primaryImageOfPage":{"@id":"https:\/\/antena-academy.ro\/en\/courses\/#primaryimage"},"image":{"@id":"https:\/\/antena-academy.ro\/en\/courses\/#primaryimage"},"thumbnailUrl":"https:\/\/antena-academy.ro\/wp-content\/uploads\/2024\/09\/cursuri-122.jpg","datePublished":"2024-07-01T12:12:07+00:00","dateModified":"2025-05-23T09:18:09+00:00","breadcrumb":{"@id":"https:\/\/antena-academy.ro\/en\/courses\/#breadcrumb"},"inLanguage":"en-US","potentialAction":[{"@type":"ReadAction","target":["https:\/\/antena-academy.ro\/en\/courses\/"]}]},{"@type":"ImageObject","inLanguage":"en-US","@id":"https:\/\/antena-academy.ro\/en\/courses\/#primaryimage","url":"https:\/\/antena-academy.ro\/wp-content\/uploads\/2024\/09\/cursuri-122.jpg","contentUrl":"https:\/\/antena-academy.ro\/wp-content\/uploads\/2024\/09\/cursuri-122.jpg","width":1120,"height":650,"caption":"cursuri"},{"@type":"BreadcrumbList","@id":"https:\/\/antena-academy.ro\/en\/courses\/#breadcrumb","itemListElement":[{"@type":"ListItem","position":1,"name":"Home","item":"https:\/\/antena-academy.ro\/en\/"},{"@type":"ListItem","position":2,"name":"Courses"}]},{"@type":"WebSite","@id":"https:\/\/antena-academy.ro\/en\/#website","url":"https:\/\/antena-academy.ro\/en\/","name":"Antena Academy \u2013 tehnologie, creativitate, \u0219i lideri care schimb\u0103 industria","description":"Fii future-ready pentru o carier\u0103 de succes \u00een media \u0219i digital!","publisher":{"@id":"https:\/\/antena-academy.ro\/en\/#organization"},"alternateName":"Antena Academy","potentialAction":[{"@type":"SearchAction","target":{"@type":"EntryPoint","urlTemplate":"https:\/\/antena-academy.ro\/en\/?s={search_term_string}"},"query-input":{"@type":"PropertyValueSpecification","valueRequired":true,"valueName":"search_term_string"}}],"inLanguage":"en-US"},{"@type":["Organization","Place"],"@id":"https:\/\/antena-academy.ro\/en\/#organization","name":"Antena Academy","url":"https:\/\/antena-academy.ro\/en\/","logo":{"@id":"https:\/\/antena-academy.ro\/en\/courses\/#local-main-organization-logo"},"image":{"@id":"https:\/\/antena-academy.ro\/en\/courses\/#local-main-organization-logo"},"telephone":[],"openingHoursSpecification":[{"@type":"OpeningHoursSpecification","dayOfWeek":["Monday","Tuesday","Wednesday","Thursday","Friday","Saturday","Sunday"],"opens":"09:00","closes":"17:00"}]},{"@type":"ImageObject","inLanguage":"en-US","@id":"https:\/\/antena-academy.ro\/en\/courses\/#local-main-organization-logo","url":"https:\/\/antena-academy.ro\/wp-content\/uploads\/2024\/07\/logo.png","contentUrl":"https:\/\/antena-academy.ro\/wp-content\/uploads\/2024\/07\/logo.png","width":256,"height":405,"caption":"Antena Academy"}]}},"jetpack_sharing_enabled":true,"_links":{"self":[{"href":"https:\/\/antena-academy.ro\/en\/wp-json\/wp\/v2\/pages\/1542","targetHints":{"allow":["GET"]}}],"collection":[{"href":"https:\/\/antena-academy.ro\/en\/wp-json\/wp\/v2\/pages"}],"about":[{"href":"https:\/\/antena-academy.ro\/en\/wp-json\/wp\/v2\/types\/page"}],"author":[{"embeddable":true,"href":"https:\/\/antena-academy.ro\/en\/wp-json\/wp\/v2\/users\/1"}],"replies":[{"embeddable":true,"href":"https:\/\/antena-academy.ro\/en\/wp-json\/wp\/v2\/comments?post=1542"}],"version-history":[{"count":0,"href":"https:\/\/antena-academy.ro\/en\/wp-json\/wp\/v2\/pages\/1542\/revisions"}],"wp:featuredmedia":[{"embeddable":true,"href":"https:\/\/antena-academy.ro\/en\/wp-json\/wp\/v2\/media\/1362"}],"wp:attachment":[{"href":"https:\/\/antena-academy.ro\/en\/wp-json\/wp\/v2\/media?parent=1542"}],"curies":[{"name":"wp","href":"https:\/\/api.w.org\/{rel}","templated":true}]}}