{"id":1476,"date":"2024-07-02T13:11:48","date_gmt":"2024-07-02T10:11:48","guid":{"rendered":"https:\/\/antena-academy.ro\/events\/"},"modified":"2025-04-03T11:01:28","modified_gmt":"2025-04-03T08:01:28","slug":"events","status":"publish","type":"page","link":"https:\/\/antena-academy.ro\/en\/events\/","title":{"rendered":"Events"},"content":{"rendered":"\n<p class=\"has-medium-font-size\">Antena Academy events aim to connect you with the leaders and experts who have created and changed the media and digital industry in Romania with their innovative vision. During these courses, workshops, masterclasses, conferences or galas you will find out what The Next Gen Media is all about: a new generation of professionals that will change perspectives, set trends and inspire the future of media, of which you will be part. From specific trends and cutting-edge tools to practical knowledge and networking sessions, these assets will help you adapt to the ever-changing media universe. Subscribe to the Newsletter to stay up-to-date with the latest events!   <\/p>\n","protected":false},"excerpt":{"rendered":"<p>Antena Academy events aim to connect you with the leaders and experts who have created and changed the media and digital industry in Romania with their innovative vision. During these courses, workshops, masterclasses, conferences or galas you will find out what The Next Gen Media is all about: a new generation of professionals that will [&hellip;]<\/p>\n","protected":false},"author":1,"featured_media":1323,"parent":0,"menu_order":0,"comment_status":"closed","ping_status":"closed","template":"page-evenimente.php","meta":{"_acf_changed":false,"footnotes":""},"class_list":["post-1476","page","type-page","status-publish","has-post-thumbnail","hentry"],"acf":[],"yoast_head":"<!-- This site is optimized with the Yoast SEO Premium plugin v27.2 (Yoast SEO v27.3) - https:\/\/yoast.com\/product\/yoast-seo-premium-wordpress\/ -->\n<title>Events - Antena Academy \u2013 tehnologie, creativitate, \u0219i lideri care schimb\u0103 industria<\/title>\n<meta name=\"robots\" content=\"index, follow, max-snippet:-1, max-image-preview:large, max-video-preview:-1\" \/>\n<link rel=\"canonical\" href=\"https:\/\/antena-academy.ro\/en\/events\/\" \/>\n<meta property=\"og:locale\" content=\"en_US\" \/>\n<meta property=\"og:type\" content=\"article\" \/>\n<meta property=\"og:title\" content=\"Events\" \/>\n<meta property=\"og:description\" content=\"Antena Academy events aim to connect you with the leaders and experts who have created and changed the media and digital industry in Romania with their innovative vision. During these courses, workshops, masterclasses, conferences or galas you will find out what The Next Gen Media is all about: a new generation of professionals that will [&hellip;]\" \/>\n<meta property=\"og:url\" content=\"https:\/\/antena-academy.ro\/en\/events\/\" \/>\n<meta property=\"og:site_name\" content=\"Antena Academy \u2013 tehnologie, creativitate, \u0219i lideri care schimb\u0103 industria\" \/>\n<meta property=\"article:modified_time\" content=\"2025-04-03T08:01:28+00:00\" \/>\n<meta property=\"og:image\" content=\"https:\/\/antena-academy.ro\/wp-content\/uploads\/2024\/07\/listare-cursuri.png\" \/>\n\t<meta property=\"og:image:width\" content=\"787\" \/>\n\t<meta property=\"og:image:height\" content=\"253\" \/>\n\t<meta property=\"og:image:type\" content=\"image\/png\" \/>\n<meta name=\"twitter:card\" content=\"summary_large_image\" \/>\n<meta name=\"twitter:label1\" content=\"Est. reading time\" \/>\n\t<meta name=\"twitter:data1\" content=\"1 minute\" \/>\n<script type=\"application\/ld+json\" class=\"yoast-schema-graph\">{\"@context\":\"https:\\\/\\\/schema.org\",\"@graph\":[{\"@type\":\"WebPage\",\"@id\":\"https:\\\/\\\/antena-academy.ro\\\/en\\\/events\\\/\",\"url\":\"https:\\\/\\\/antena-academy.ro\\\/en\\\/events\\\/\",\"name\":\"Events - Antena Academy \u2013 tehnologie, creativitate, \u0219i lideri care schimb\u0103 industria\",\"isPartOf\":{\"@id\":\"https:\\\/\\\/antena-academy.ro\\\/en\\\/#website\"},\"primaryImageOfPage\":{\"@id\":\"https:\\\/\\\/antena-academy.ro\\\/en\\\/events\\\/#primaryimage\"},\"image\":{\"@id\":\"https:\\\/\\\/antena-academy.ro\\\/en\\\/events\\\/#primaryimage\"},\"thumbnailUrl\":\"https:\\\/\\\/antena-academy.ro\\\/wp-content\\\/uploads\\\/2024\\\/07\\\/listare-cursuri.png\",\"datePublished\":\"2024-07-02T10:11:48+00:00\",\"dateModified\":\"2025-04-03T08:01:28+00:00\",\"breadcrumb\":{\"@id\":\"https:\\\/\\\/antena-academy.ro\\\/en\\\/events\\\/#breadcrumb\"},\"inLanguage\":\"en-US\",\"potentialAction\":[{\"@type\":\"ReadAction\",\"target\":[\"https:\\\/\\\/antena-academy.ro\\\/en\\\/events\\\/\"]}]},{\"@type\":\"ImageObject\",\"inLanguage\":\"en-US\",\"@id\":\"https:\\\/\\\/antena-academy.ro\\\/en\\\/events\\\/#primaryimage\",\"url\":\"https:\\\/\\\/antena-academy.ro\\\/wp-content\\\/uploads\\\/2024\\\/07\\\/listare-cursuri.png\",\"contentUrl\":\"https:\\\/\\\/antena-academy.ro\\\/wp-content\\\/uploads\\\/2024\\\/07\\\/listare-cursuri.png\",\"width\":787,\"height\":253},{\"@type\":\"BreadcrumbList\",\"@id\":\"https:\\\/\\\/antena-academy.ro\\\/en\\\/events\\\/#breadcrumb\",\"itemListElement\":[{\"@type\":\"ListItem\",\"position\":1,\"name\":\"Home\",\"item\":\"https:\\\/\\\/antena-academy.ro\\\/en\\\/\"},{\"@type\":\"ListItem\",\"position\":2,\"name\":\"Events\"}]},{\"@type\":\"WebSite\",\"@id\":\"https:\\\/\\\/antena-academy.ro\\\/en\\\/#website\",\"url\":\"https:\\\/\\\/antena-academy.ro\\\/en\\\/\",\"name\":\"Antena Academy \u2013 tehnologie, creativitate, \u0219i lideri care schimb\u0103 industria\",\"description\":\"Fii future-ready pentru o carier\u0103 de succes \u00een media \u0219i digital!\",\"publisher\":{\"@id\":\"https:\\\/\\\/antena-academy.ro\\\/en\\\/#organization\"},\"alternateName\":\"Antena Academy\",\"potentialAction\":[{\"@type\":\"SearchAction\",\"target\":{\"@type\":\"EntryPoint\",\"urlTemplate\":\"https:\\\/\\\/antena-academy.ro\\\/en\\\/?s={search_term_string}\"},\"query-input\":{\"@type\":\"PropertyValueSpecification\",\"valueRequired\":true,\"valueName\":\"search_term_string\"}}],\"inLanguage\":\"en-US\"},{\"@type\":[\"Organization\",\"Place\"],\"@id\":\"https:\\\/\\\/antena-academy.ro\\\/en\\\/#organization\",\"name\":\"Antena Academy\",\"url\":\"https:\\\/\\\/antena-academy.ro\\\/en\\\/\",\"logo\":{\"@id\":\"https:\\\/\\\/antena-academy.ro\\\/en\\\/events\\\/#local-main-organization-logo\"},\"image\":{\"@id\":\"https:\\\/\\\/antena-academy.ro\\\/en\\\/events\\\/#local-main-organization-logo\"},\"telephone\":[],\"openingHoursSpecification\":[{\"@type\":\"OpeningHoursSpecification\",\"dayOfWeek\":[\"Monday\",\"Tuesday\",\"Wednesday\",\"Thursday\",\"Friday\",\"Saturday\",\"Sunday\"],\"opens\":\"09:00\",\"closes\":\"17:00\"}]},{\"@type\":\"ImageObject\",\"inLanguage\":\"en-US\",\"@id\":\"https:\\\/\\\/antena-academy.ro\\\/en\\\/events\\\/#local-main-organization-logo\",\"url\":\"https:\\\/\\\/antena-academy.ro\\\/wp-content\\\/uploads\\\/2024\\\/07\\\/logo.png\",\"contentUrl\":\"https:\\\/\\\/antena-academy.ro\\\/wp-content\\\/uploads\\\/2024\\\/07\\\/logo.png\",\"width\":256,\"height\":405,\"caption\":\"Antena Academy\"}]}<\/script>\n<!-- \/ Yoast SEO Premium plugin. -->","yoast_head_json":{"title":"Events - Antena Academy \u2013 tehnologie, creativitate, \u0219i lideri care schimb\u0103 industria","robots":{"index":"index","follow":"follow","max-snippet":"max-snippet:-1","max-image-preview":"max-image-preview:large","max-video-preview":"max-video-preview:-1"},"canonical":"https:\/\/antena-academy.ro\/en\/events\/","og_locale":"en_US","og_type":"article","og_title":"Events","og_description":"Antena Academy events aim to connect you with the leaders and experts who have created and changed the media and digital industry in Romania with their innovative vision. During these courses, workshops, masterclasses, conferences or galas you will find out what The Next Gen Media is all about: a new generation of professionals that will [&hellip;]","og_url":"https:\/\/antena-academy.ro\/en\/events\/","og_site_name":"Antena Academy \u2013 tehnologie, creativitate, \u0219i lideri care schimb\u0103 industria","article_modified_time":"2025-04-03T08:01:28+00:00","og_image":[{"width":787,"height":253,"url":"https:\/\/antena-academy.ro\/wp-content\/uploads\/2024\/07\/listare-cursuri.png","type":"image\/png"}],"twitter_card":"summary_large_image","twitter_misc":{"Est. reading time":"1 minute"},"schema":{"@context":"https:\/\/schema.org","@graph":[{"@type":"WebPage","@id":"https:\/\/antena-academy.ro\/en\/events\/","url":"https:\/\/antena-academy.ro\/en\/events\/","name":"Events - Antena Academy \u2013 tehnologie, creativitate, \u0219i lideri care schimb\u0103 industria","isPartOf":{"@id":"https:\/\/antena-academy.ro\/en\/#website"},"primaryImageOfPage":{"@id":"https:\/\/antena-academy.ro\/en\/events\/#primaryimage"},"image":{"@id":"https:\/\/antena-academy.ro\/en\/events\/#primaryimage"},"thumbnailUrl":"https:\/\/antena-academy.ro\/wp-content\/uploads\/2024\/07\/listare-cursuri.png","datePublished":"2024-07-02T10:11:48+00:00","dateModified":"2025-04-03T08:01:28+00:00","breadcrumb":{"@id":"https:\/\/antena-academy.ro\/en\/events\/#breadcrumb"},"inLanguage":"en-US","potentialAction":[{"@type":"ReadAction","target":["https:\/\/antena-academy.ro\/en\/events\/"]}]},{"@type":"ImageObject","inLanguage":"en-US","@id":"https:\/\/antena-academy.ro\/en\/events\/#primaryimage","url":"https:\/\/antena-academy.ro\/wp-content\/uploads\/2024\/07\/listare-cursuri.png","contentUrl":"https:\/\/antena-academy.ro\/wp-content\/uploads\/2024\/07\/listare-cursuri.png","width":787,"height":253},{"@type":"BreadcrumbList","@id":"https:\/\/antena-academy.ro\/en\/events\/#breadcrumb","itemListElement":[{"@type":"ListItem","position":1,"name":"Home","item":"https:\/\/antena-academy.ro\/en\/"},{"@type":"ListItem","position":2,"name":"Events"}]},{"@type":"WebSite","@id":"https:\/\/antena-academy.ro\/en\/#website","url":"https:\/\/antena-academy.ro\/en\/","name":"Antena Academy \u2013 tehnologie, creativitate, \u0219i lideri care schimb\u0103 industria","description":"Fii future-ready pentru o carier\u0103 de succes \u00een media \u0219i digital!","publisher":{"@id":"https:\/\/antena-academy.ro\/en\/#organization"},"alternateName":"Antena Academy","potentialAction":[{"@type":"SearchAction","target":{"@type":"EntryPoint","urlTemplate":"https:\/\/antena-academy.ro\/en\/?s={search_term_string}"},"query-input":{"@type":"PropertyValueSpecification","valueRequired":true,"valueName":"search_term_string"}}],"inLanguage":"en-US"},{"@type":["Organization","Place"],"@id":"https:\/\/antena-academy.ro\/en\/#organization","name":"Antena Academy","url":"https:\/\/antena-academy.ro\/en\/","logo":{"@id":"https:\/\/antena-academy.ro\/en\/events\/#local-main-organization-logo"},"image":{"@id":"https:\/\/antena-academy.ro\/en\/events\/#local-main-organization-logo"},"telephone":[],"openingHoursSpecification":[{"@type":"OpeningHoursSpecification","dayOfWeek":["Monday","Tuesday","Wednesday","Thursday","Friday","Saturday","Sunday"],"opens":"09:00","closes":"17:00"}]},{"@type":"ImageObject","inLanguage":"en-US","@id":"https:\/\/antena-academy.ro\/en\/events\/#local-main-organization-logo","url":"https:\/\/antena-academy.ro\/wp-content\/uploads\/2024\/07\/logo.png","contentUrl":"https:\/\/antena-academy.ro\/wp-content\/uploads\/2024\/07\/logo.png","width":256,"height":405,"caption":"Antena Academy"}]}},"jetpack_sharing_enabled":true,"_links":{"self":[{"href":"https:\/\/antena-academy.ro\/en\/wp-json\/wp\/v2\/pages\/1476","targetHints":{"allow":["GET"]}}],"collection":[{"href":"https:\/\/antena-academy.ro\/en\/wp-json\/wp\/v2\/pages"}],"about":[{"href":"https:\/\/antena-academy.ro\/en\/wp-json\/wp\/v2\/types\/page"}],"author":[{"embeddable":true,"href":"https:\/\/antena-academy.ro\/en\/wp-json\/wp\/v2\/users\/1"}],"replies":[{"embeddable":true,"href":"https:\/\/antena-academy.ro\/en\/wp-json\/wp\/v2\/comments?post=1476"}],"version-history":[{"count":0,"href":"https:\/\/antena-academy.ro\/en\/wp-json\/wp\/v2\/pages\/1476\/revisions"}],"wp:featuredmedia":[{"embeddable":true,"href":"https:\/\/antena-academy.ro\/en\/wp-json\/wp\/v2\/media\/1323"}],"wp:attachment":[{"href":"https:\/\/antena-academy.ro\/en\/wp-json\/wp\/v2\/media?parent=1476"}],"curies":[{"name":"wp","href":"https:\/\/api.w.org\/{rel}","templated":true}]}}