{"id":1472,"date":"2024-07-01T14:26:07","date_gmt":"2024-07-01T11:26:07","guid":{"rendered":"https:\/\/antena-academy.ro\/contact\/"},"modified":"2025-05-20T17:18:48","modified_gmt":"2025-05-20T14:18:48","slug":"contact","status":"publish","type":"page","link":"https:\/\/antena-academy.ro\/en\/contact\/","title":{"rendered":"Contact"},"content":{"rendered":"\r\n<iframe loading=\"lazy\" style=\"border: 0; width: 100%;\" src=\"https:\/\/www.google.com\/maps\/embed?pb=!1m18!1m12!1m3!1d2846.1651464382435!2d26.1260917!3d44.4912828!2m3!1f0!2f0!3f0!3m2!1i1024!2i768!4f13.1!3m3!1m2!1s0x40b203004cc40bc3%3A0x9d50a5740ae4877a!2sAntena%20Academy!5e0!3m2!1sen!2sro!4v1747749980273!5m2!1sen!2sro\" width=\"600\" height=\"450\" allowfullscreen=\"allowfullscreen\"><\/iframe>\r\n<p>&nbsp;<\/p>\r\n<p><strong>contact@antena-academy.ro<\/strong><\/p>\r\n<p>Bucure\u0219ti Nord 2, 3rd floor, Voluntari, Ilfov (next to Antena Studios)<\/p>\r\n<p><b><a href=\"tel:0757066792\">0757066782<\/a><\/b><\/p>\r\n<p>&nbsp;<\/p>\r\n\r\n<p>&nbsp;<\/p>\r\n","protected":false},"excerpt":{"rendered":"<p>&nbsp; contact@antena-academy.ro Bucure\u0219ti Nord 2, 3rd floor, Voluntari, Ilfov (next to Antena Studios) 0757066782 &nbsp; &nbsp;<\/p>\n","protected":false},"author":1,"featured_media":0,"parent":0,"menu_order":0,"comment_status":"closed","ping_status":"closed","template":"page-contact.php","meta":{"_acf_changed":false,"footnotes":""},"class_list":["post-1472","page","type-page","status-publish","hentry"],"acf":[],"yoast_head":"<!-- This site is optimized with the Yoast SEO Premium plugin v27.2 (Yoast SEO v27.3) - https:\/\/yoast.com\/product\/yoast-seo-premium-wordpress\/ -->\n<title>Contact - Antena Academy \u2013 tehnologie, creativitate, \u0219i lideri care schimb\u0103 industria<\/title>\n<meta name=\"description\" content=\"Contact Antena Academy for course information and registration. Write to us with any questions, we&#039;re here to help!\" \/>\n<meta name=\"robots\" content=\"index, follow, max-snippet:-1, max-image-preview:large, max-video-preview:-1\" \/>\n<link rel=\"canonical\" href=\"https:\/\/antena-academy.ro\/en\/contact\/\" \/>\n<meta property=\"og:locale\" content=\"en_US\" \/>\n<meta property=\"og:type\" content=\"article\" \/>\n<meta property=\"og:title\" content=\"Contact\" \/>\n<meta property=\"og:description\" content=\"Contact Antena Academy for course information and registration. Write to us with any questions, we&#039;re here to help!\" \/>\n<meta property=\"og:url\" content=\"https:\/\/antena-academy.ro\/en\/contact\/\" \/>\n<meta property=\"og:site_name\" content=\"Antena Academy \u2013 tehnologie, creativitate, \u0219i lideri care schimb\u0103 industria\" \/>\n<meta property=\"article:modified_time\" content=\"2025-05-20T14:18:48+00:00\" \/>\n<meta name=\"twitter:card\" content=\"summary_large_image\" \/>\n<meta name=\"twitter:label1\" content=\"Est. reading time\" \/>\n\t<meta name=\"twitter:data1\" content=\"1 minute\" \/>\n<script type=\"application\/ld+json\" class=\"yoast-schema-graph\">{\"@context\":\"https:\\\/\\\/schema.org\",\"@graph\":[{\"@type\":\"WebPage\",\"@id\":\"https:\\\/\\\/antena-academy.ro\\\/en\\\/contact\\\/\",\"url\":\"https:\\\/\\\/antena-academy.ro\\\/en\\\/contact\\\/\",\"name\":\"Contact - Antena Academy \u2013 tehnologie, creativitate, \u0219i lideri care schimb\u0103 industria\",\"isPartOf\":{\"@id\":\"https:\\\/\\\/antena-academy.ro\\\/en\\\/#website\"},\"datePublished\":\"2024-07-01T11:26:07+00:00\",\"dateModified\":\"2025-05-20T14:18:48+00:00\",\"description\":\"Contact Antena Academy for course information and registration. Write to us with any questions, we're here to help!\",\"breadcrumb\":{\"@id\":\"https:\\\/\\\/antena-academy.ro\\\/en\\\/contact\\\/#breadcrumb\"},\"inLanguage\":\"en-US\",\"potentialAction\":[{\"@type\":\"ReadAction\",\"target\":[\"https:\\\/\\\/antena-academy.ro\\\/en\\\/contact\\\/\"]}]},{\"@type\":\"BreadcrumbList\",\"@id\":\"https:\\\/\\\/antena-academy.ro\\\/en\\\/contact\\\/#breadcrumb\",\"itemListElement\":[{\"@type\":\"ListItem\",\"position\":1,\"name\":\"Home\",\"item\":\"https:\\\/\\\/antena-academy.ro\\\/en\\\/\"},{\"@type\":\"ListItem\",\"position\":2,\"name\":\"Contact\"}]},{\"@type\":\"WebSite\",\"@id\":\"https:\\\/\\\/antena-academy.ro\\\/en\\\/#website\",\"url\":\"https:\\\/\\\/antena-academy.ro\\\/en\\\/\",\"name\":\"Antena Academy \u2013 tehnologie, creativitate, \u0219i lideri care schimb\u0103 industria\",\"description\":\"Fii future-ready pentru o carier\u0103 de succes \u00een media \u0219i digital!\",\"publisher\":{\"@id\":\"https:\\\/\\\/antena-academy.ro\\\/en\\\/#organization\"},\"alternateName\":\"Antena Academy\",\"potentialAction\":[{\"@type\":\"SearchAction\",\"target\":{\"@type\":\"EntryPoint\",\"urlTemplate\":\"https:\\\/\\\/antena-academy.ro\\\/en\\\/?s={search_term_string}\"},\"query-input\":{\"@type\":\"PropertyValueSpecification\",\"valueRequired\":true,\"valueName\":\"search_term_string\"}}],\"inLanguage\":\"en-US\"},{\"@type\":[\"Organization\",\"Place\"],\"@id\":\"https:\\\/\\\/antena-academy.ro\\\/en\\\/#organization\",\"name\":\"Antena Academy\",\"url\":\"https:\\\/\\\/antena-academy.ro\\\/en\\\/\",\"logo\":{\"@id\":\"https:\\\/\\\/antena-academy.ro\\\/en\\\/contact\\\/#local-main-organization-logo\"},\"image\":{\"@id\":\"https:\\\/\\\/antena-academy.ro\\\/en\\\/contact\\\/#local-main-organization-logo\"},\"telephone\":[],\"openingHoursSpecification\":[{\"@type\":\"OpeningHoursSpecification\",\"dayOfWeek\":[\"Monday\",\"Tuesday\",\"Wednesday\",\"Thursday\",\"Friday\",\"Saturday\",\"Sunday\"],\"opens\":\"09:00\",\"closes\":\"17:00\"}]},{\"@type\":\"ImageObject\",\"inLanguage\":\"en-US\",\"@id\":\"https:\\\/\\\/antena-academy.ro\\\/en\\\/contact\\\/#local-main-organization-logo\",\"url\":\"https:\\\/\\\/antena-academy.ro\\\/wp-content\\\/uploads\\\/2024\\\/07\\\/logo.png\",\"contentUrl\":\"https:\\\/\\\/antena-academy.ro\\\/wp-content\\\/uploads\\\/2024\\\/07\\\/logo.png\",\"width\":256,\"height\":405,\"caption\":\"Antena Academy\"}]}<\/script>\n<!-- \/ Yoast SEO Premium plugin. -->","yoast_head_json":{"title":"Contact - Antena Academy \u2013 tehnologie, creativitate, \u0219i lideri care schimb\u0103 industria","description":"Contact Antena Academy for course information and registration. Write to us with any questions, we're here to help!","robots":{"index":"index","follow":"follow","max-snippet":"max-snippet:-1","max-image-preview":"max-image-preview:large","max-video-preview":"max-video-preview:-1"},"canonical":"https:\/\/antena-academy.ro\/en\/contact\/","og_locale":"en_US","og_type":"article","og_title":"Contact","og_description":"Contact Antena Academy for course information and registration. Write to us with any questions, we're here to help!","og_url":"https:\/\/antena-academy.ro\/en\/contact\/","og_site_name":"Antena Academy \u2013 tehnologie, creativitate, \u0219i lideri care schimb\u0103 industria","article_modified_time":"2025-05-20T14:18:48+00:00","twitter_card":"summary_large_image","twitter_misc":{"Est. reading time":"1 minute"},"schema":{"@context":"https:\/\/schema.org","@graph":[{"@type":"WebPage","@id":"https:\/\/antena-academy.ro\/en\/contact\/","url":"https:\/\/antena-academy.ro\/en\/contact\/","name":"Contact - Antena Academy \u2013 tehnologie, creativitate, \u0219i lideri care schimb\u0103 industria","isPartOf":{"@id":"https:\/\/antena-academy.ro\/en\/#website"},"datePublished":"2024-07-01T11:26:07+00:00","dateModified":"2025-05-20T14:18:48+00:00","description":"Contact Antena Academy for course information and registration. Write to us with any questions, we're here to help!","breadcrumb":{"@id":"https:\/\/antena-academy.ro\/en\/contact\/#breadcrumb"},"inLanguage":"en-US","potentialAction":[{"@type":"ReadAction","target":["https:\/\/antena-academy.ro\/en\/contact\/"]}]},{"@type":"BreadcrumbList","@id":"https:\/\/antena-academy.ro\/en\/contact\/#breadcrumb","itemListElement":[{"@type":"ListItem","position":1,"name":"Home","item":"https:\/\/antena-academy.ro\/en\/"},{"@type":"ListItem","position":2,"name":"Contact"}]},{"@type":"WebSite","@id":"https:\/\/antena-academy.ro\/en\/#website","url":"https:\/\/antena-academy.ro\/en\/","name":"Antena Academy \u2013 tehnologie, creativitate, \u0219i lideri care schimb\u0103 industria","description":"Fii future-ready pentru o carier\u0103 de succes \u00een media \u0219i digital!","publisher":{"@id":"https:\/\/antena-academy.ro\/en\/#organization"},"alternateName":"Antena Academy","potentialAction":[{"@type":"SearchAction","target":{"@type":"EntryPoint","urlTemplate":"https:\/\/antena-academy.ro\/en\/?s={search_term_string}"},"query-input":{"@type":"PropertyValueSpecification","valueRequired":true,"valueName":"search_term_string"}}],"inLanguage":"en-US"},{"@type":["Organization","Place"],"@id":"https:\/\/antena-academy.ro\/en\/#organization","name":"Antena Academy","url":"https:\/\/antena-academy.ro\/en\/","logo":{"@id":"https:\/\/antena-academy.ro\/en\/contact\/#local-main-organization-logo"},"image":{"@id":"https:\/\/antena-academy.ro\/en\/contact\/#local-main-organization-logo"},"telephone":[],"openingHoursSpecification":[{"@type":"OpeningHoursSpecification","dayOfWeek":["Monday","Tuesday","Wednesday","Thursday","Friday","Saturday","Sunday"],"opens":"09:00","closes":"17:00"}]},{"@type":"ImageObject","inLanguage":"en-US","@id":"https:\/\/antena-academy.ro\/en\/contact\/#local-main-organization-logo","url":"https:\/\/antena-academy.ro\/wp-content\/uploads\/2024\/07\/logo.png","contentUrl":"https:\/\/antena-academy.ro\/wp-content\/uploads\/2024\/07\/logo.png","width":256,"height":405,"caption":"Antena Academy"}]}},"jetpack_sharing_enabled":true,"_links":{"self":[{"href":"https:\/\/antena-academy.ro\/en\/wp-json\/wp\/v2\/pages\/1472","targetHints":{"allow":["GET"]}}],"collection":[{"href":"https:\/\/antena-academy.ro\/en\/wp-json\/wp\/v2\/pages"}],"about":[{"href":"https:\/\/antena-academy.ro\/en\/wp-json\/wp\/v2\/types\/page"}],"author":[{"embeddable":true,"href":"https:\/\/antena-academy.ro\/en\/wp-json\/wp\/v2\/users\/1"}],"replies":[{"embeddable":true,"href":"https:\/\/antena-academy.ro\/en\/wp-json\/wp\/v2\/comments?post=1472"}],"version-history":[{"count":0,"href":"https:\/\/antena-academy.ro\/en\/wp-json\/wp\/v2\/pages\/1472\/revisions"}],"wp:attachment":[{"href":"https:\/\/antena-academy.ro\/en\/wp-json\/wp\/v2\/media?parent=1472"}],"curies":[{"name":"wp","href":"https:\/\/api.w.org\/{rel}","templated":true}]}}